{"id":35,"date":"2018-03-28T12:13:30","date_gmt":"2018-03-28T12:13:30","guid":{"rendered":"http:\/\/somnolence.testbot.xyz\/?page_id=35"},"modified":"2024-11-21T11:26:46","modified_gmt":"2024-11-21T16:26:46","slug":"about-us","status":"publish","type":"page","link":"https:\/\/somnolenceplus.com\/fr\/about-us\/","title":{"rendered":"\u00c0 propos"},"content":{"rendered":"<p><img decoding=\"async\" class=\"alignright aboutus size-full wp-image-1044\" src=\" https:\/\/somnolenceplus.com\/wp-content\/uploads\/2018\/04\/Aboutus.jpg \" alt=\"\" \/><\/p>\n<article class=\"aboutus_pics\"><img decoding=\"async\" class=\"alignright aboutus-pics-image size-full wp-image-1044\" style=\"margin-left: 12.5% !important;\" src=\"https:\/\/somnolenceplus.com\/wp-content\/uploads\/2018\/09\/Sheryl_pic_63.png\" alt=\"\" \/><img decoding=\"async\" class=\"alignright aboutus-pics-image size-full wp-image-1044\" src=\"https:\/\/somnolenceplus.com\/wp-content\/uploads\/2018\/09\/Luc_pic_63.png\" alt=\"\" \/><img decoding=\"async\" class=\"alignright aboutus-pics-image size-full wp-image-1044\" src=\" https:\/\/somnolenceplus.com\/wp-content\/uploads\/2020\/04\/Arturo-Santisteban.png\" alt=\"\" \/><br \/>\n<img decoding=\"async\" class=\"alignright aboutus-pics-image size-full wp-image-1044\" src=\"https:\/\/somnolenceplus.com\/wp-content\/uploads\/2021\/10\/Mayra-Lazo_63.png\" alt=\"\" \/><img decoding=\"async\" class=\"alignright aboutus-pics-image size-full wp-image-1044\" src=\"https:\/\/somnolenceplus.com\/wp-content\/uploads\/2021\/10\/Natasha-Hayden_63.png\" alt=\"\" \/><img decoding=\"async\" class=\"alignright aboutus-pics-image size-full wp-image-1044\" src=\"https:\/\/somnolenceplus.com\/wp-content\/uploads\/2021\/10\/Christian-Garde_63.png\" alt=\"\" \/><img decoding=\"async\" class=\"alignright aboutus-pics-image size-full wp-image-1044\" src=\"https:\/\/somnolenceplus.com\/wp-content\/uploads\/2021\/10\/Jean-Claude_63.png\" alt=\"\" \/><\/article>\n<p>&nbsp;<\/p>\n<div class=\"content-cofounder\">\n<p>Somnolence+ \u2122 (Somnolence + Inc.) rassemble des professionnels et des experts de divers domaines pour d\u00e9velopper des programmes, des applications et des services con\u00e7us pour soutenir vos besoins en mati\u00e8re de bien-\u00eatre du sommeil, que ce soit en tant qu'organisation communautaire ; un \u00e9tablissement d'enseignement ; ou un individu qui cherche \u00e0 en savoir plus sur la fa\u00e7on de g\u00e9rer le sommeil.<\/p>\n<p><strong>Qui sommes-nous ?<br \/>\n<\/strong><\/p>\n<article><strong>Sheryl Guloy, PhD, <\/strong>est une scientifique des sciences de l'apprentissage, chercheuse, professionelle de l'\u00e9ducation et consultante en mati\u00e8re d'am\u00e9lioration de l'apprentissage et des performances par le biais de la recherche, du d\u00e9veloppement et de la technologie. Elle travaille avec d'autres chercheurs, organisations et r\u00e9seaux sur les efforts d'application des connaissances. Plus simplement, elle int\u00e8gre les derni\u00e8res recherches dans les programmes, les services et les outils technologiques afin que plus de personnes puissent mieux dormir. Son int\u00e9r\u00eat pour le sommeil est n\u00e9 de ses propres troubles du sommeil et de la prise de conscience qu'elle est une v\u00e9ritable couche-tarde. Gr\u00e2ce \u00e0 Somnolence+, elle veut s'assurer que davantage de personnes connaissent leur propre sommeil et disposent de strat\u00e9gies et d'outils pour les aider \u00e0 bien dormir.<\/article>\n<hr \/>\n<article>\n<div>\n<div class=\"gmail_quote\">\n<div class=\"gmail_quote\">\n<div dir=\"ltr\">\n<div class=\"gmail_quote\">\n<div dir=\"ltr\">\n<div><b>Luc P. Beaudoin, PhD,<\/b>\u00a0 est cofondateur de\u00a0<a href=\"https:\/\/cogsciapps.com\/\" target=\"_blank\" rel=\"noopener\" data-saferedirecturl=\"https:\/\/www.google.com\/url?q=https:\/\/cogsciapps.com\/&amp;source=gmail&amp;ust=1687645200220000&amp;usg=AOvVaw1fpw5txX4T71hfBmIeJlkI\"><i>CogSci Apps<\/i><\/a>qui a d\u00e9velopp\u00e9 mySleepButton\u00ae, dont l'objectif est de faciliter le sommeil. Il est \u00e9galement l'auteur de deux\u00a0<a href=\"https:\/\/cogzest.com\/books\/\" target=\"_blank\" rel=\"noopener\" data-saferedirecturl=\"https:\/\/www.google.com\/url?q=https:\/\/cogzest.com\/books\/&amp;source=gmail&amp;ust=1687645200220000&amp;usg=AOvVaw0EpvvmvMeLibSbEK544dcU\"><i>livres sur la productivit\u00e9 cognitive.<\/i><\/a>\u00a0Apr\u00e8s avoir r\u00e9ussi \u00e0 conjurer ses propres \u00e9pisodes d'insomnie, il a d\u00e9velopp\u00e9 un concept concernant la somnolence (\u00ab somnolence \u00bb), qui constitue la base des m\u00e9thodes et des applications qu'il a d\u00e9velopp\u00e9es pour aider les gens \u00e0 s'endormir.<\/div>\n<\/div>\n<\/div>\n<\/div>\n<\/div>\n<\/div>\n<\/div>\n<div>\n<div class=\"gmail_quote\">\n<div class=\"gmail_quote\">\n<div dir=\"ltr\">\n<div class=\"gmail_quote\">\n<div dir=\"ltr\">\n<div><\/div>\n<\/div>\n<\/div>\n<\/div>\n<\/div>\n<\/div>\n<\/div>\n<\/article>\n<hr \/>\n<article><strong>Arturo Santisteban, PhD,<\/strong> est un scientifique du sommeil et un professionel de l'\u00e9ducation qui \u00e9tudie comment le sommeil affecte la performance pendant la journ\u00e9e. Alors qu'il poursuivait ses \u00e9tudes en m\u00e9decine, il a personnellement ressenti les effets n\u00e9gatifs d'un manque de sommeil chronique r\u00e9sultant d'une carri\u00e8re exigeante et stressante. Cette prise de conscience l'a incit\u00e9 \u00e0 se consacrer \u00e0 la promotion d'un sommeil sain.<\/article>\n<article>\n<hr \/>\n<article><strong>Mayra Lazo, MD,<\/strong> cumule plus de dix ans d'exp\u00e9riences cliniques en tant que psychiatre, sp\u00e9cialis\u00e9e dans les troubles du sommeil et dans le conseil en mati\u00e8re de d\u00e9pendance. En tant que professeure \u00e0 l'Acad\u00e9mie mexicaine des troubles du sommeil et \u00e0 l'Institut national de psychiatrie, elle a dispens\u00e9 des formations sur la sant\u00e9 du sommeil et le traitement des troubles du sommeil. Elle s'est engag\u00e9e \u00e0 faire prendre conscience de l'importance du sommeil et \u00e0 faciliter la compr\u00e9hension de l'impact du manque de sommeil sur notre vie quotidienne. Elle est mari\u00e9e \u00e0 une personne qui est atteite de somnambulisme.<\/article>\n<article>\n<hr \/>\n<article><strong>Natasha Hayden, DC,<\/strong> a obtenu son doctorat en chiropratie \u00e0 the University of Western States \u00e0 Portland, dans l'Oregon, aux \u00c9tats-Unis, et a obtenu un dipl\u00f4me sp\u00e9cialis\u00e9 en biologie chimique \u00e0 l'Universit\u00e9 Thompson Rivers. Elle est passionn\u00e9e par l'id\u00e9e de fournir \u00e0 ses patients les comp\u00e9tences n\u00e9cessaires pour surmonter leurs blessures et atteindre une sant\u00e9 optimale, ce qui implique qu'ils sachent comment un bon sommeil contribue \u00e0 am\u00e9liorer les r\u00e9sultats de sant\u00e9. C'est la raison pour laquelle elle croit en la n\u00e9cessit\u00e9 de mieux informer sur le sommeil les cliniciens et les praticiens de la sant\u00e9 et du bien-\u00eatre.<\/article>\n<article>\n<hr \/>\n<article><strong>Christian Garde<\/strong> a une formation en d\u00e9veloppement des affaires et un int\u00e9r\u00eat marqu\u00e9 pour les nouvelles technologies. Il croit que la collaboration en mati\u00e8re d'innovation technologique contribuera \u00e0 am\u00e9liorer le bien-\u00eatre li\u00e9 au sommeil et la sant\u00e9 publique.<\/article>\n<article>\n<hr \/>\n<article><strong> Jean Claude Duli\u00e8pre<\/strong> apporte \u00e0 Somnolence+ 30 ans d'exp\u00e9rience en tant que consultant en marketing. Il croit au pouvoir des \u00e9v\u00e9nements pour sensibiliser les communaut\u00e9s, les organisations et les individus au bien-\u00eatre par le sommeil.<\/article>\n<article>\n<hr \/>\n<article><strong> Gordon Gow, conseiller en affaires,<\/strong> poss\u00e8de une vaste exp\u00e9rience en affaires, allant des grandes soci\u00e9t\u00e9s aux jeunes entreprises, tant au niveau de la gestion op\u00e9rationnelle que du conseil d'administration. Il poss\u00e8de une solide exp\u00e9rience dans le lancement d'entreprises ainsi que dans la constitution et l'accompagnement d'\u00e9quipes de direction performances. L'\u00e9quipe Somnolence+ est fi\u00e8re d'avoir Gordon Gow comme son mentor en affaires.<\/article>\n<article>\n<hr \/>\n<\/article>\n<article>Nos travaux respectifs ont \u00e9t\u00e9 pr\u00e9sent\u00e9s dans <em>The Guardian<\/em>, <em>The New York Times<\/em>, <em>Oprah Magazine<\/em>, <em>International Business Times<\/em>, <em>Popular Science<\/em>, <em>Forbes<\/em>, <em>CBC<\/em>, <em>CTV<\/em>,\u00a0 <em>Global News<\/em>, entre autres, et nos recherches ont \u00e9t\u00e9 pr\u00e9sent\u00e9es \u00e0 diverses conf\u00e9rences et publi\u00e9es dans des revues de recherche \u00e9valu\u00e9es par des pairs. L'Initiative Somnolence+ a \u00e9labor\u00e9 des programmes et organis\u00e9 des formations et des ateliers dans des universit\u00e9s et des organisations \u00e0 travers le Canada. <strong>Ensemble, nous offrons des conseils \u00e9clair\u00e9s en mati\u00e8re de sommeil et de bien-\u00eatre, avec pour mission de vous aider \u00e0 trouver un sommeil optimal.<\/strong>.<\/article>\n<\/article>\n<\/article>\n<\/article>\n<\/article>\n<\/article>\n<\/div>","protected":false},"excerpt":{"rendered":"<p>&nbsp; Somnolence+ \u2122 (Somnolence + Inc.) brings together professionals and experts from diverse fields to develop programs, applications, and services designed to support your sleep wellness needs, whether that be as a community organization; a business; an educational institution; or an individual seeking to learn more about how to manage sleep. Who are we? Sheryl [&hellip;]<\/p>","protected":false},"author":2,"featured_media":0,"parent":0,"menu_order":0,"comment_status":"closed","ping_status":"closed","template":"page-templates\/no-sidebar.php","meta":{"jetpack_post_was_ever_published":false,"footnotes":""},"class_list":["post-35","page","type-page","status-publish","hentry"],"jetpack_likes_enabled":true,"jetpack-related-posts":[],"jetpack_sharing_enabled":true,"jetpack_shortlink":"https:\/\/wp.me\/P9MTO4-z","_links":{"self":[{"href":"https:\/\/somnolenceplus.com\/fr\/wp-json\/wp\/v2\/pages\/35","targetHints":{"allow":["GET"]}}],"collection":[{"href":"https:\/\/somnolenceplus.com\/fr\/wp-json\/wp\/v2\/pages"}],"about":[{"href":"https:\/\/somnolenceplus.com\/fr\/wp-json\/wp\/v2\/types\/page"}],"author":[{"embeddable":true,"href":"https:\/\/somnolenceplus.com\/fr\/wp-json\/wp\/v2\/users\/2"}],"replies":[{"embeddable":true,"href":"https:\/\/somnolenceplus.com\/fr\/wp-json\/wp\/v2\/comments?post=35"}],"version-history":[{"count":0,"href":"https:\/\/somnolenceplus.com\/fr\/wp-json\/wp\/v2\/pages\/35\/revisions"}],"wp:attachment":[{"href":"https:\/\/somnolenceplus.com\/fr\/wp-json\/wp\/v2\/media?parent=35"}],"curies":[{"name":"wp","href":"https:\/\/api.w.org\/{rel}","templated":true}]}}