{"id":34,"date":"2018-03-28T12:09:45","date_gmt":"2018-03-28T12:09:45","guid":{"rendered":"http:\/\/somnolence.testbot.xyz\/?page_id=34"},"modified":"2022-02-28T01:12:58","modified_gmt":"2022-02-28T06:12:58","slug":"benefits","status":"publish","type":"page","link":"https:\/\/somnolenceplus.com\/fr\/benefits\/","title":{"rendered":"Avantages"},"content":{"rendered":"<p><img loading=\"lazy\" decoding=\"async\" class=\"alignleft size-full wp-image-260 benefitImg\" src=\"http:\/\/somnolence.testbot.xyz\/wp-content\/uploads\/2018\/04\/benefits-e1522862554726.jpg\" alt=\"\" width=\"1600\" height=\"800\" srcset=\"https:\/\/somnolenceplus.com\/wp-content\/uploads\/2018\/04\/benefits-e1522862554726.jpg 1600w, https:\/\/somnolenceplus.com\/wp-content\/uploads\/2018\/04\/benefits-e1522862554726-300x150.jpg 300w, https:\/\/somnolenceplus.com\/wp-content\/uploads\/2018\/04\/benefits-e1522862554726-768x384.jpg 768w, https:\/\/somnolenceplus.com\/wp-content\/uploads\/2018\/04\/benefits-e1522862554726-1024x512.jpg 1024w\" sizes=\"auto, (max-width: 1600px) 100vw, 1600px\" \/><\/p>\n<article class=\"benefit_heading\">\n<h3><span style=\"color: #004080;\">Les avantages organisationnels d'un bon sommeil<\/span><\/h3>\n<p><span style=\"color: #3c3c3c;\">Vous \u00eates une petite entreprise, une grande soci\u00e9t\u00e9, une organisation communautaire ou un \u00e9tablissement d'enseignement ? Sachez que le sommeil est l'un des piliers d'une bonne sant\u00e9. Ses avantages sont les suivants :<\/span><\/p>\n<ul>\n<li><span style=\"color: #3c3c3c;\">augmentation de la productivit\u00e9 ; diminution de l'absent\u00e9isme <\/span><\/li>\n<li><span style=\"color: #3c3c3c;\">cr\u00e9ativit\u00e9 ; prise de d\u00e9cision efficace<\/span><\/li>\n<li><span style=\"color: #3c3c3c;\">une meilleure sant\u00e9 mentale et physique.<\/span><\/li>\n<\/ul>\n<p>En travaillant avec vous, Somnolence+ \u2122 peut vous aider \u00e0 d\u00e9terminer les bonnes solutions de bien-\u00eatre du sommeil pour votre organisation afin d'obtenir ces avantages.<br \/>\n<\/article>","protected":false},"excerpt":{"rendered":"<p>The organizational benefits of sleeping well Are you a small business, a large corporation, a community organization, or an educational institution? Consider that sleep is one of the pillars of good health. Its benefits include: increased productivity; decreased absenteeism\u2028 creativity; effective decision making improved mental and physical health. By working with you, Somnolence+\u00a0\u2122 can help [&hellip;]<\/p>","protected":false},"author":2,"featured_media":0,"parent":0,"menu_order":0,"comment_status":"closed","ping_status":"closed","template":"","meta":{"jetpack_post_was_ever_published":false,"footnotes":""},"class_list":["post-34","page","type-page","status-publish","hentry"],"jetpack_likes_enabled":true,"jetpack-related-posts":[],"jetpack_sharing_enabled":true,"jetpack_shortlink":"https:\/\/wp.me\/P9MTO4-y","_links":{"self":[{"href":"https:\/\/somnolenceplus.com\/fr\/wp-json\/wp\/v2\/pages\/34","targetHints":{"allow":["GET"]}}],"collection":[{"href":"https:\/\/somnolenceplus.com\/fr\/wp-json\/wp\/v2\/pages"}],"about":[{"href":"https:\/\/somnolenceplus.com\/fr\/wp-json\/wp\/v2\/types\/page"}],"author":[{"embeddable":true,"href":"https:\/\/somnolenceplus.com\/fr\/wp-json\/wp\/v2\/users\/2"}],"replies":[{"embeddable":true,"href":"https:\/\/somnolenceplus.com\/fr\/wp-json\/wp\/v2\/comments?post=34"}],"version-history":[{"count":0,"href":"https:\/\/somnolenceplus.com\/fr\/wp-json\/wp\/v2\/pages\/34\/revisions"}],"wp:attachment":[{"href":"https:\/\/somnolenceplus.com\/fr\/wp-json\/wp\/v2\/media?parent=34"}],"curies":[{"name":"wp","href":"https:\/\/api.w.org\/{rel}","templated":true}]}}