{"id":31,"date":"2018-03-24T20:47:43","date_gmt":"2018-03-24T20:47:43","guid":{"rendered":"http:\/\/somnolence.testbot.xyz\/?page_id=31"},"modified":"2023-07-24T08:54:12","modified_gmt":"2023-07-24T13:54:12","slug":"services","status":"publish","type":"page","link":"https:\/\/somnolenceplus.com\/fr\/services\/","title":{"rendered":"Services"},"content":{"rendered":"<p><img loading=\"lazy\" decoding=\"async\" class=\"alignleft size-full wp-image-260\" src=\" https:\/\/somnolenceplus.com\/wp-content\/uploads\/2018\/08\/Night-buildings_08.jpg\" alt=\"\" width=\"416\" height=\"689\" \/><\/p>\n<article class=\"services_training\">\n<table>\n<tbody>\n<tr>\n<td class=\"td_icon\"><img decoding=\"async\" class=\"wp-image-335\" src=\" https:\/\/somnolenceplus.com\/wp-content\/uploads\/2018\/08\/training-icon_89.png\" alt=\"\" \/><\/td>\n<td class=\"td_content\">\n<h3><span style=\"color: #004080;\">S\u00e9rie Somnolence+ : Formation et programmes<br \/>\n<\/span><\/h3>\n<ul>\n<li><span style=\"color: #3c3c3c;\">\u00c9ducation sur le(s) processus du sommeil et l'efficacit\u00e9 du sommeil <\/span><\/li>\n<li><span style=\"color: #3c3c3c;\">Ateliers<\/span><\/li>\n<li><span style=\"color: #3c3c3c;\">Webinaires<\/span><\/li>\n<li>Consultations sur le coaching du sommeil<\/li>\n<\/ul>\n<\/td>\n<\/tr>\n<\/tbody>\n<\/table>\n<\/article>\n<article class=\"services_training\">\n<table>\n<tbody>\n<tr>\n<td class=\"td_icon\"><img decoding=\"async\" class=\"wp-image-341\" src=\" https:\/\/somnolenceplus.com\/wp-content\/uploads\/2018\/08\/solution-icon_89.png\" alt=\"\" \/><\/td>\n<td class=\"td_content\">\n<h3><span style=\"color: #004080;\">Somnolence+ Consulting<\/span><\/h3>\n<ul>\n<li><span style=\"color: #3c3c3c;\">D\u00e9terminer les besoins de votre organisation en mati\u00e8re d'efficacit\u00e9 du sommeil<\/span><\/li>\n<li><span style=\"color: #3c3c3c;\">Piloter et \u00e9valuer les solutions<\/span><\/li>\n<li><span style=\"color: #3c3c3c;\">\u00c9laboration et mise en \u0153uvre de programmes et d'initiatives en mati\u00e8re de bien-\u00eatre (mieux-\u00eatre) au travail<br \/>\n<\/span><\/li>\n<\/ul>\n<\/td>\n<\/tr>\n<\/tbody>\n<\/table>\n<\/article>\n<article class=\"services_training\">\n<table>\n<tbody>\n<tr>\n<td class=\"td_icon\"><img decoding=\"async\" class=\"wp-image-340\" src=\" https:\/\/somnolenceplus.com\/wp-content\/uploads\/2018\/08\/innovations-icon_89.png\" alt=\"\" \/><\/td>\n<td class=\"td_content\">\n<h3><span style=\"color: #004080;\">Somnolence+ Innovations<\/span><\/h3>\n<ul>\n<li><span style=\"color: #3c3c3c;\">D\u00e9velopper et promouvoir des innovations en mati\u00e8re de bien-\u00eatre du sommeil<\/span><\/li>\n<\/ul>\n<\/td>\n<\/tr>\n<\/tbody>\n<\/table>\n<\/article>","protected":false},"excerpt":{"rendered":"<p>Somnolence+ Series: Training and Programs Education on sleep onset and sleep efficiency Workshops Webinars Sleep coaching consultations Somnolence+ Consulting Determining your organization\u2019s sleep efficiency needs Piloting and evaluating solutions Developing and implementing sleep wellness programs and initiatives Somnolence+ Innovations Develop and promote sleep wellness and education innovations<\/p>","protected":false},"author":2,"featured_media":0,"parent":0,"menu_order":0,"comment_status":"closed","ping_status":"closed","template":"page-templates\/no-sidebar.php","meta":{"jetpack_post_was_ever_published":false,"footnotes":""},"class_list":["post-31","page","type-page","status-publish","hentry"],"jetpack_likes_enabled":true,"jetpack-related-posts":[],"jetpack_sharing_enabled":true,"jetpack_shortlink":"https:\/\/wp.me\/P9MTO4-v","_links":{"self":[{"href":"https:\/\/somnolenceplus.com\/fr\/wp-json\/wp\/v2\/pages\/31","targetHints":{"allow":["GET"]}}],"collection":[{"href":"https:\/\/somnolenceplus.com\/fr\/wp-json\/wp\/v2\/pages"}],"about":[{"href":"https:\/\/somnolenceplus.com\/fr\/wp-json\/wp\/v2\/types\/page"}],"author":[{"embeddable":true,"href":"https:\/\/somnolenceplus.com\/fr\/wp-json\/wp\/v2\/users\/2"}],"replies":[{"embeddable":true,"href":"https:\/\/somnolenceplus.com\/fr\/wp-json\/wp\/v2\/comments?post=31"}],"version-history":[{"count":0,"href":"https:\/\/somnolenceplus.com\/fr\/wp-json\/wp\/v2\/pages\/31\/revisions"}],"wp:attachment":[{"href":"https:\/\/somnolenceplus.com\/fr\/wp-json\/wp\/v2\/media?parent=31"}],"curies":[{"name":"wp","href":"https:\/\/api.w.org\/{rel}","templated":true}]}}