{"id":30,"date":"2018-03-28T12:03:22","date_gmt":"2018-03-28T12:03:22","guid":{"rendered":"http:\/\/somnolence.testbot.xyz\/?page_id=30"},"modified":"2021-09-21T00:54:02","modified_gmt":"2021-09-21T05:54:02","slug":"mission","status":"publish","type":"page","link":"https:\/\/somnolenceplus.com\/fr\/mission\/","title":{"rendered":"Mission"},"content":{"rendered":"<p><img loading=\"lazy\" decoding=\"async\" class=\"alignright size-full wp-image-261\" src=\"http:\/\/somnolence.testbot.xyz\/wp-content\/uploads\/2018\/04\/mission-e1522877896960.jpg\" alt=\"\" width=\"1184\" height=\"800\" srcset=\"https:\/\/somnolenceplus.com\/wp-content\/uploads\/2018\/04\/mission-e1522877896960.jpg 1184w, https:\/\/somnolenceplus.com\/wp-content\/uploads\/2018\/04\/mission-e1522877896960-300x203.jpg 300w, https:\/\/somnolenceplus.com\/wp-content\/uploads\/2018\/04\/mission-e1522877896960-768x519.jpg 768w, https:\/\/somnolenceplus.com\/wp-content\/uploads\/2018\/04\/mission-e1522877896960-1024x692.jpg 1024w\" sizes=\"auto, (max-width: 1184px) 100vw, 1184px\" \/><\/p>\n<article class=\"left_article\">Gr\u00e2ce \u00e0 Somnolence+\u2122, nous visons \u00e0 \u00e9duquer les personnes et les organisations sur les avantages d'un meilleur sommeil.Nous envisageons l'am\u00e9lioration du bien-\u00eatre organisationnel par la mise en \u0153uvre de programmes, de technologies et de politiques innovants qui reconnaissent l'impact puissant du sommeil sur la sant\u00e9, le bien-\u00eatre et la productivit\u00e9 des individus.<\/p>\n<\/article>","protected":false},"excerpt":{"rendered":"<p>Through Somnolence+, we aim to educate people and organizations about the benefits of improved sleep.<\/p>\n<p>We envision improved organizational wellness through the implementation of innovative programmes, technology, and policy that recognizes the powerful impact of sleep on individual health, wellness, and productivity.<\/p>","protected":false},"author":2,"featured_media":0,"parent":0,"menu_order":0,"comment_status":"closed","ping_status":"closed","template":"","meta":{"jetpack_post_was_ever_published":false,"footnotes":""},"class_list":["post-30","page","type-page","status-publish","hentry"],"jetpack_likes_enabled":true,"jetpack-related-posts":[],"jetpack_sharing_enabled":true,"jetpack_shortlink":"https:\/\/wp.me\/P9MTO4-u","_links":{"self":[{"href":"https:\/\/somnolenceplus.com\/fr\/wp-json\/wp\/v2\/pages\/30","targetHints":{"allow":["GET"]}}],"collection":[{"href":"https:\/\/somnolenceplus.com\/fr\/wp-json\/wp\/v2\/pages"}],"about":[{"href":"https:\/\/somnolenceplus.com\/fr\/wp-json\/wp\/v2\/types\/page"}],"author":[{"embeddable":true,"href":"https:\/\/somnolenceplus.com\/fr\/wp-json\/wp\/v2\/users\/2"}],"replies":[{"embeddable":true,"href":"https:\/\/somnolenceplus.com\/fr\/wp-json\/wp\/v2\/comments?post=30"}],"version-history":[{"count":0,"href":"https:\/\/somnolenceplus.com\/fr\/wp-json\/wp\/v2\/pages\/30\/revisions"}],"wp:attachment":[{"href":"https:\/\/somnolenceplus.com\/fr\/wp-json\/wp\/v2\/media?parent=30"}],"curies":[{"name":"wp","href":"https:\/\/api.w.org\/{rel}","templated":true}]}}