{"id":202,"date":"2018-02-25T15:31:33","date_gmt":"2018-02-25T15:31:33","guid":{"rendered":"https:\/\/softpoint.themesease.com\/?page_id=202"},"modified":"2021-09-21T00:57:27","modified_gmt":"2021-09-21T05:57:27","slug":"fast-lightweight","status":"publish","type":"page","link":"https:\/\/somnolenceplus.com\/fr\/fast-lightweight\/","title":{"rendered":"Somnolence+  Conseil"},"content":{"rendered":"<p><strong>\u00a0<\/strong><\/p>\n<ul>\n<li>D\u00e9terminer les besoins de votre organisation en mati\u00e8re de bien-\u00eatre du sommeil<\/li>\n<li>Piloter et \u00e9valuer les solutions<\/li>\n<li>\u00c9laboration et mise en \u0153uvre de programmes et d'initiatives en mati\u00e8re de bien-\u00eatre (mieux-\u00eatre) au travail<\/li>\n<\/ul>","protected":false},"excerpt":{"rendered":"<p>Consulting services geared towards your organization&#8217;s specific needs<\/p>","protected":false},"author":2,"featured_media":0,"parent":0,"menu_order":0,"comment_status":"closed","ping_status":"closed","template":"","meta":{"jetpack_post_was_ever_published":false,"footnotes":""},"class_list":["post-202","page","type-page","status-publish","hentry"],"jetpack_likes_enabled":true,"jetpack-related-posts":[],"jetpack_sharing_enabled":true,"jetpack_shortlink":"https:\/\/wp.me\/P9MTO4-3g","_links":{"self":[{"href":"https:\/\/somnolenceplus.com\/fr\/wp-json\/wp\/v2\/pages\/202","targetHints":{"allow":["GET"]}}],"collection":[{"href":"https:\/\/somnolenceplus.com\/fr\/wp-json\/wp\/v2\/pages"}],"about":[{"href":"https:\/\/somnolenceplus.com\/fr\/wp-json\/wp\/v2\/types\/page"}],"author":[{"embeddable":true,"href":"https:\/\/somnolenceplus.com\/fr\/wp-json\/wp\/v2\/users\/2"}],"replies":[{"embeddable":true,"href":"https:\/\/somnolenceplus.com\/fr\/wp-json\/wp\/v2\/comments?post=202"}],"version-history":[{"count":0,"href":"https:\/\/somnolenceplus.com\/fr\/wp-json\/wp\/v2\/pages\/202\/revisions"}],"wp:attachment":[{"href":"https:\/\/somnolenceplus.com\/fr\/wp-json\/wp\/v2\/media?parent=202"}],"curies":[{"name":"wp","href":"https:\/\/api.w.org\/{rel}","templated":true}]}}